{"id":70,"date":"2019-01-17T10:10:36","date_gmt":"2019-01-17T09:10:36","guid":{"rendered":"https:\/\/etsalexandre.com\/?page_id=70"},"modified":"2021-12-21T07:14:34","modified_gmt":"2021-12-21T06:14:34","slug":"environnement","status":"publish","type":"page","link":"https:\/\/www.etsalexandre.com\/index.php\/environnement\/","title":{"rendered":"Environnement"},"content":{"rendered":"\n<p>Nos \u00e9quipes d\u2019ex\u00e9cution sont sensibilis\u00e9es \u00e0 l\u2019impact environnemental des chantiers, \u00e0 l\u2019hygi\u00e8ne et \u00e0 la s\u00e9curit\u00e9.<\/p>\n\n\n\n<p style=\"color:#041656\" class=\"has-text-color\"><strong>Tri et valorisation des d\u00e9chets<\/strong><\/p>\n\n\n\n<p>Nous\navons mis en place des moyens de stockage adapt\u00e9s \u00e0 chaque d\u00e9chet, type benne\nou bac.<\/p>\n\n\n\n<ul class=\"wp-block-list\"><li>Les \u00e9quipements\n\u00e9lectriques obsol\u00e8tes,<\/li><li>Les\ncartons et emballages,<\/li><li>Les\nsources lumineuses type lampes ou tubes.<\/li><\/ul>\n\n\n\n<p>Une gestion des d\u00e9chets efficace pour \u00a0:<\/p>\n\n\n\n<ul class=\"wp-block-list\"><li>R\u00e9duire\nles d\u00e9chets \u00e0 la source,<\/li><li>R\u00e9duire\nles nuisances de chantier,<\/li><li>R\u00e9aliser\ndes \u00e9conomies pour le chantier.<\/li><\/ul>\n\n\n\n<p style=\"color:#041656\" class=\"has-text-color\"><strong>Qualit\u00e9, marque et mise en \u0153uvre<\/strong><\/p>\n\n\n\n<div class=\"wp-block-image\"><figure class=\"aligncenter is-resized\"><img loading=\"lazy\" decoding=\"async\" src=\"https:\/\/etsalexandre.com\/wp-content\/uploads\/2019\/01\/recyclage.png\" alt=\"\" class=\"wp-image-82\" width=\"520\" height=\"88\" srcset=\"https:\/\/www.etsalexandre.com\/wp-content\/uploads\/2019\/01\/recyclage.png 893w, https:\/\/www.etsalexandre.com\/wp-content\/uploads\/2019\/01\/recyclage-300x51.png 300w, https:\/\/www.etsalexandre.com\/wp-content\/uploads\/2019\/01\/recyclage-768x131.png 768w\" sizes=\"auto, (max-width: 520px) 100vw, 520px\" \/><\/figure><\/div>\n\n\n\n<p><\/p>\n\n\n\n<p>Notre entreprise, affili\u00e9e \u00e0 ces organismes de recyclage, respecte les mesures environnementales li\u00e9es \u00e0 notre m\u00e9tier.<\/p>\n\n\n\n<p>Dans\nnos locaux, nous disposons de plusieurs bacs permettant le recyclage des \u00e9quipements\ntels que les luminaires, les composants \u00e9lectroniques, les batteries ainsi que\nles tubes fluorescents, les lampes et les emballages.<\/p>\n\n\n\n<p><\/p>\n","protected":false},"excerpt":{"rendered":"<p>Nos \u00e9quipes d\u2019ex\u00e9cution sont sensibilis\u00e9es \u00e0 l\u2019impact environnemental des chantiers, \u00e0 l\u2019hygi\u00e8ne et \u00e0 la s\u00e9curit\u00e9. Tri et valorisation des d\u00e9chets Nous avons mis en place des moyens de stockage adapt\u00e9s \u00e0 chaque d\u00e9chet, type benne ou bac. Les \u00e9quipements<\/p>\n","protected":false},"author":1,"featured_media":0,"parent":0,"menu_order":4,"comment_status":"closed","ping_status":"closed","template":"","meta":{"ngg_post_thumbnail":0,"footnotes":""},"class_list":["post-70","page","type-page","status-publish","hentry"],"_links":{"self":[{"href":"https:\/\/www.etsalexandre.com\/index.php\/wp-json\/wp\/v2\/pages\/70","targetHints":{"allow":["GET"]}}],"collection":[{"href":"https:\/\/www.etsalexandre.com\/index.php\/wp-json\/wp\/v2\/pages"}],"about":[{"href":"https:\/\/www.etsalexandre.com\/index.php\/wp-json\/wp\/v2\/types\/page"}],"author":[{"embeddable":true,"href":"https:\/\/www.etsalexandre.com\/index.php\/wp-json\/wp\/v2\/users\/1"}],"replies":[{"embeddable":true,"href":"https:\/\/www.etsalexandre.com\/index.php\/wp-json\/wp\/v2\/comments?post=70"}],"version-history":[{"count":19,"href":"https:\/\/www.etsalexandre.com\/index.php\/wp-json\/wp\/v2\/pages\/70\/revisions"}],"predecessor-version":[{"id":361,"href":"https:\/\/www.etsalexandre.com\/index.php\/wp-json\/wp\/v2\/pages\/70\/revisions\/361"}],"wp:attachment":[{"href":"https:\/\/www.etsalexandre.com\/index.php\/wp-json\/wp\/v2\/media?parent=70"}],"curies":[{"name":"wp","href":"https:\/\/api.w.org\/{rel}","templated":true}]}}