{"id":5,"date":"2019-01-17T07:41:22","date_gmt":"2019-01-17T06:41:22","guid":{"rendered":"https:\/\/etsalexandre.com\/?page_id=5"},"modified":"2025-06-19T09:54:17","modified_gmt":"2025-06-19T07:54:17","slug":"qui-sommes-nous","status":"publish","type":"page","link":"https:\/\/www.etsalexandre.com\/index.php\/qui-sommes-nous\/","title":{"rendered":"Qui sommes-nous ?"},"content":{"rendered":"\n<p><\/p>\n\n\n\n<p class=\"has-text-color\" style=\"color:#041656\"><strong>Pr\u00e9sentation de l&rsquo;entreprise<\/strong><\/p>\n\n\n\n<p>Fond\u00e9e en 1971 par Daniel ALEXANDRE, artisan \u00e9lectricien, l\u2019entreprise d\u00e9marre son activit\u00e9 autour des courants forts. Tr\u00e8s vite, son sens du service et la qualit\u00e9 de ses r\u00e9alisations lui permettent de r\u00e9pondre aux attentes d\u2019une client\u00e8le fid\u00e8le et exigeante.<\/p>\n\n\n\n<p>Jusqu\u2019en 1980, l\u2019entreprise conna\u00eet un fort d\u00e9veloppement et r\u00e9unit une \u00e9quipe d\u2019une dizaine de salari\u00e9s.<br>En 1990, elle prend un nouvel \u00e9lan avec la cr\u00e9ation de la SARL ALEXANDRE, dirig\u00e9e par Philippe et Fr\u00e9d\u00e9ric ALEXANDRE, deux des fils du fondateur, ainsi que Maria RODRIGUEZ.<\/p>\n\n\n\n<p>Port\u00e9e par une croissance soutenue, l\u2019entreprise s\u2019installe en 2005 dans de nouveaux locaux, marquant une \u00e9tape cl\u00e9 de son \u00e9volution.<\/p>\n\n\n\n<p>Au fil des ann\u00e9es, gr\u00e2ce \u00e0 l\u2019investissement de ses collaborateurs, l\u2019entreprise diversifie son offre et \u00e9tend ses comp\u00e9tences aux courants faibles et aux solutions technologiques connect\u00e9es.<\/p>\n\n\n\n<p>Aujourd\u2019hui, forte de plus de 50 ans d\u2019exp\u00e9rience, elle accompagne ses clients dans leurs projets en \u00e9lectricit\u00e9 g\u00e9n\u00e9rale, courants forts et courants faibles, dans les secteurs du b\u00e2timent, de l\u2019industrie, du tertiaire et pour les collectivit\u00e9s.<\/p>\n\n\n\n<p>Nous attachons une grande importance \u00e0 la r\u00e9activit\u00e9, \u00e0 une relation de confiance avec nos clients, et \u00e0 une \u00e9coute attentive de leurs besoins pour proposer des solutions adapt\u00e9es et efficaces<br><br><\/p>\n","protected":false},"excerpt":{"rendered":"<p>Pr\u00e9sentation de l&rsquo;entreprise Fond\u00e9e en 1971 par Daniel ALEXANDRE, artisan \u00e9lectricien, l\u2019entreprise d\u00e9marre son activit\u00e9 autour des courants forts. Tr\u00e8s vite, son sens du service et la qualit\u00e9 de ses r\u00e9alisations lui permettent de r\u00e9pondre aux attentes d\u2019une client\u00e8le fid\u00e8le<\/p>\n","protected":false},"author":1,"featured_media":0,"parent":0,"menu_order":0,"comment_status":"closed","ping_status":"closed","template":"","meta":{"ngg_post_thumbnail":0,"footnotes":""},"class_list":["post-5","page","type-page","status-publish","hentry"],"_links":{"self":[{"href":"https:\/\/www.etsalexandre.com\/index.php\/wp-json\/wp\/v2\/pages\/5","targetHints":{"allow":["GET"]}}],"collection":[{"href":"https:\/\/www.etsalexandre.com\/index.php\/wp-json\/wp\/v2\/pages"}],"about":[{"href":"https:\/\/www.etsalexandre.com\/index.php\/wp-json\/wp\/v2\/types\/page"}],"author":[{"embeddable":true,"href":"https:\/\/www.etsalexandre.com\/index.php\/wp-json\/wp\/v2\/users\/1"}],"replies":[{"embeddable":true,"href":"https:\/\/www.etsalexandre.com\/index.php\/wp-json\/wp\/v2\/comments?post=5"}],"version-history":[{"count":7,"href":"https:\/\/www.etsalexandre.com\/index.php\/wp-json\/wp\/v2\/pages\/5\/revisions"}],"predecessor-version":[{"id":46390,"href":"https:\/\/www.etsalexandre.com\/index.php\/wp-json\/wp\/v2\/pages\/5\/revisions\/46390"}],"wp:attachment":[{"href":"https:\/\/www.etsalexandre.com\/index.php\/wp-json\/wp\/v2\/media?parent=5"}],"curies":[{"name":"wp","href":"https:\/\/api.w.org\/{rel}","templated":true}]}}