{"id":16,"date":"2019-01-17T07:57:11","date_gmt":"2019-01-17T06:57:11","guid":{"rendered":"https:\/\/etsalexandre.com\/?page_id=16"},"modified":"2025-11-05T08:10:53","modified_gmt":"2025-11-05T07:10:53","slug":"realisations","status":"publish","type":"page","link":"https:\/\/www.etsalexandre.com\/index.php\/realisations\/","title":{"rendered":"R\u00e9alisations"},"content":{"rendered":"\n<p class=\"has-text-color\" style=\"color:#041656\"><strong>Op\u00e9ration :<\/strong> Square de l&rsquo;Op\u00e9ra &#8211; Paris<\/p>\n\n\n\n<p>Objet : R\u00e9novation des logements<\/p>\n\n\n\n<p>Type : F2<\/p>\n\n\nngg_shortcode_0_placeholder\n\n\n<p class=\"has-text-color\" style=\"color:#041656\"><strong>Op\u00e9ration :<\/strong> Rue Saint-Florentin &#8211; Paris<\/p>\n\n\n\n<p>Objet : R\u00e9novation d&rsquo;un plateau de bureaux <\/p>\n\n\n\n<p>Surface : 400 m\u00b2<\/p>\n\n\n<p><!--EndFragment--><\/p>\nngg_shortcode_1_placeholder\n\n\n<p class=\"has-text-color\" style=\"color:#041656\"><strong>Op\u00e9ration :<\/strong> Avenue de l&rsquo;Op\u00e9ra &#8211; Paris<\/p>\n\n\n\n<p>Objet : R\u00e9novation d&rsquo;un plateau de bureaux <\/p>\n\n\n\n<p>Surface : 600 m\u00b2<\/p>\n\n\n<p><!--EndFragment--><\/p>\nngg_shortcode_2_placeholder\n<p><!--EndFragment--><\/p>\n<p>&nbsp;<\/p>\n\n\n<p class=\"has-text-color\" style=\"color:#041656\"><strong>Op\u00e9ration :<\/strong> Rue Caumartin &#8211; Paris<\/p>\n\n\n\n<p>Objet : R\u00e9novation d&rsquo;un plateau de bureaux <\/p>\n\n\n\n<p>Surface : 120 m\u00b2<\/p>\n\n\n\nngg_shortcode_3_placeholder\n\n\n\n<p class=\"has-text-color\" style=\"color:#041656\"><strong>Op\u00e9ration : <\/strong>Faubourg Saint-Honor\u00e9 &#8211; Paris  <\/p>\n\n\n\n<p>Objet : R\u00e9habilitation d&rsquo;un h\u00f4tel particulier \u00e0 usage de bureaux<\/p>\n\n\n\n<p>Surface : 500 m\u00b2<\/p>\n\n\n<p><!--EndFragment--><\/p>\nngg_shortcode_4_placeholder\n\n\n<p class=\"has-text-color\" style=\"color:#041656\"><strong>Op\u00e9ration : <\/strong>Villa S\u00e9gur &#8211; Paris  <\/p>\n\n\n\n<p>Objet : Am\u00e9nagement des logements en accession et des parties communes<\/p>\n\n\n\n<p>60 logements &#8211; Halls et Lobby<\/p>\n\n\n\nngg_shortcode_5_placeholder\n\n\n\n<p class=\"has-text-color\" style=\"color:#041656\"><strong>Op\u00e9ration :<\/strong> Rue de Prony &#8211; Paris  <\/p>\n\n\n\n<p>Objet : R\u00e9novation d&rsquo;un hall d&rsquo;immeuble<\/p>\n\n\n\n<p>Surface : 40 m\u00b2 <\/p>\n\n\n\nngg_shortcode_6_placeholder\n\n\n\n<p class=\"has-text-color\" style=\"color:#041656\"><strong>Op\u00e9ration :<\/strong> Rue de la Bo\u00e9tie &#8211; Paris  <\/p>\n\n\n\n<p> Objet : R\u00e9novation d&rsquo;un plateau de bureaux<\/p>\n\n\n\n<p> Surface : 190 m\u00b2 <\/p>\n\n\n\nngg_shortcode_7_placeholder\n\n\n\n<p class=\"has-text-color\" style=\"color:#041656\"><strong>Op\u00e9ration :<\/strong> Rue des Mathurins &#8211; Paris  <\/p>\n\n\n\n<p> Objet : R\u00e9novation d&rsquo;un plateau de bureaux<\/p>\n\n\n\n<p> Surface : 300 m\u00b2 <\/p>\n\n\n\nngg_shortcode_8_placeholder\n\n\n\n<p class=\"has-text-color\" style=\"color:#041656\"><strong>Op\u00e9ration :<\/strong> Avenue de l&rsquo;Op\u00e9ra &#8211; Paris  <\/p>\n\n\n\n<p> Objet : R\u00e9novation d&rsquo;un plateau de bureaux<\/p>\n\n\n\n<p> Surface : 600 m\u00b2 <\/p>\n\n\n\nngg_shortcode_9_placeholder\n\n\n\n<p class=\"has-text-color\" style=\"color:#041656\"><strong>Op\u00e9ration :<\/strong> Rue de la Bo\u00e9tie &#8211; Paris  <\/p>\n\n\n\n<p>\n\nObjet : R\u00e9novation d&rsquo;un porche\n\n<\/p>\n\n\n\nngg_shortcode_10_placeholder\n\n\n\n<p class=\"has-text-color\" style=\"color:#041656\"><strong>Op\u00e9ration :<\/strong> Boulevard Haussmann &#8211; Paris <\/p>\n\n\n\n<p> Objet : R\u00e9novation d&rsquo;un porche<\/p>\n\n\n\nngg_shortcode_11_placeholder\n\n\n\n<p class=\"has-text-color\" style=\"color:#041656\"><strong>Op\u00e9ration :<\/strong> Boulevard des Batignolles &#8211; Paris<\/p>\n\n\n\n<p>Objet : Cr\u00e9ation d&rsquo;un nouvel acc\u00e8s &#8211; logements<\/p>\n\n\n<p><!--EndFragment--><\/p>\nngg_shortcode_12_placeholder\n\n\n<p class=\"has-text-color\" style=\"color:#041656\"><strong>Op\u00e9ration :<\/strong> Place du G\u00e9n\u00e9ral Catroux &#8211; Paris<\/p>\n\n\n\n<p>Objet : R\u00e9novation d&rsquo;un plateau de bureaux <\/p>\n\n\n\n<p>Surface : 365 m\u00b2<\/p>\n\n\n\nngg_shortcode_13_placeholder\n\n\n\n<p class=\"has-text-color\" style=\"color:#041656\"> <br><strong>Op\u00e9ration :<\/strong>  Rue d&rsquo;Uz\u00e8s &#8211; Paris<\/p>\n\n\n\n<p>Objet : R\u00e9novation de deux plateaux de bureaux<\/p>\n\n\n\n<p>Surface : 400 m\u00b2<\/p>\n\n\n\nngg_shortcode_14_placeholder\n\n\n\n<p class=\"has-text-color\" style=\"color:#041656\"><strong>Op\u00e9ration :<\/strong> Rue d&rsquo;Ath\u00e8nes &#8211; Paris<\/p>\n\n\n\n<p>Objet : R\u00e9novation totale CFO\/CFA<\/p>\n\n\n\n<p>Surface : 1100 m\u00b2<\/p>\n\n\n\nngg_shortcode_15_placeholder\n\n\n\n<p class=\"has-text-color\" style=\"color:#041656\"><strong>Op\u00e9ration :<\/strong> Rue Bassot &#8211; Levallois<\/p>\n\n\n\n<p>Objet : R\u00e9novation totale CFO\/CFA<\/p>\n\n\n\n<p>Surface : 900 m\u00b2<\/p>\n\n\n\nngg_shortcode_16_placeholder\n\n\n\n<p class=\"has-text-color\" style=\"color:#041656\"><strong>Op\u00e9ration :<\/strong> Rue Anatole France &#8211; Levallois<\/p>\n\n\n\n<p>Objet : R\u00e9novation totale CFO\/CFA<\/p>\n\n\n\n<p>Surface : 900 m\u00b2<\/p>\n\n\n\nngg_shortcode_17_placeholder\n\n\n\n<p class=\"has-text-color\" style=\"color:#041656\"><strong>Op\u00e9ration :<\/strong> Rue Royale &#8211; Paris<\/p>\n\n\n\n<p>Objet : R\u00e9novation totale CFO\/CFA<\/p>\n\n\n\n<p>Surface : R+6<\/p>\n\n\n\nngg_shortcode_18_placeholder\n\n\n\n<p class=\"has-text-color\" style=\"color:#041656\"><strong>Op\u00e9ration :<\/strong> Rue de la Bo\u00e9tie &#8211; Paris<\/p>\n\n\n\n<p>Objet : R\u00e9novation totale CFO\/CFA<\/p>\n\n\n\n<p>Surface : 950 m\u00b2<\/p>\n\n\n\nngg_shortcode_19_placeholder\n\n\n\n<p class=\"has-text-color\" style=\"color:#041656\"><strong>Op\u00e9ration :<\/strong> Rue Morane Saulnier &#8211; V\u00e9lizy<\/p>\n\n\n\n<p>Objet : R\u00e9novation totale CFO\/CFA<\/p>\n\n\n\n<p>Surface : 2500 m\u00b2<\/p>\n\n\n\nngg_shortcode_20_placeholder\n\n\n\n<p class=\"has-text-color\" style=\"color:#041656\"><strong>Op\u00e9ration :<\/strong> Boulevard Malesherbes &#8211; Paris<\/p>\n\n\n\n<p>Objet : R\u00e9novation totale CFO\/CFA<\/p>\n\n\n\n<p>Surface : 350 m\u00b2<\/p>\n\n\n\nngg_shortcode_21_placeholder\n","protected":false},"excerpt":{"rendered":"<p>Op\u00e9ration : Square de l&rsquo;Op\u00e9ra &#8211; Paris Objet : R\u00e9novation des logements Type : F2 Op\u00e9ration : Rue Saint-Florentin &#8211; Paris Objet : R\u00e9novation d&rsquo;un plateau de bureaux Surface : 400 m\u00b2 Op\u00e9ration : Avenue de l&rsquo;Op\u00e9ra &#8211; Paris Objet<\/p>\n","protected":false},"author":1,"featured_media":0,"parent":0,"menu_order":0,"comment_status":"closed","ping_status":"closed","template":"","meta":{"ngg_post_thumbnail":0,"footnotes":""},"class_list":["post-16","page","type-page","status-publish","hentry"],"_links":{"self":[{"href":"https:\/\/www.etsalexandre.com\/index.php\/wp-json\/wp\/v2\/pages\/16","targetHints":{"allow":["GET"]}}],"collection":[{"href":"https:\/\/www.etsalexandre.com\/index.php\/wp-json\/wp\/v2\/pages"}],"about":[{"href":"https:\/\/www.etsalexandre.com\/index.php\/wp-json\/wp\/v2\/types\/page"}],"author":[{"embeddable":true,"href":"https:\/\/www.etsalexandre.com\/index.php\/wp-json\/wp\/v2\/users\/1"}],"replies":[{"embeddable":true,"href":"https:\/\/www.etsalexandre.com\/index.php\/wp-json\/wp\/v2\/comments?post=16"}],"version-history":[{"count":63,"href":"https:\/\/www.etsalexandre.com\/index.php\/wp-json\/wp\/v2\/pages\/16\/revisions"}],"predecessor-version":[{"id":46443,"href":"https:\/\/www.etsalexandre.com\/index.php\/wp-json\/wp\/v2\/pages\/16\/revisions\/46443"}],"wp:attachment":[{"href":"https:\/\/www.etsalexandre.com\/index.php\/wp-json\/wp\/v2\/media?parent=16"}],"curies":[{"name":"wp","href":"https:\/\/api.w.org\/{rel}","templated":true}]}}